{"id":34992,"date":"2025-07-08T19:18:44","date_gmt":"2025-07-08T17:18:44","guid":{"rendered":"https:\/\/modestihouse.com\/?post_type=product&#038;p=34992"},"modified":"2025-07-08T19:18:44","modified_gmt":"2025-07-08T17:18:44","slug":"estanteria-tomar-5h","status":"publish","type":"product","link":"https:\/\/modestihouse.com\/index.php\/producto\/estanteria-tomar-5h\/","title":{"rendered":"Estanteria Tomar 5H"},"content":{"rendered":"<p>La mesa para comedor modelo Praga destaca por su dise\u00f1o rectangular y patas de metal cruzadas, que le aportan un estilo \u00fanico moderno. Adem\u00e1s, cuenta con una tapa de madera con acabado roble, resistente y perdurable.<\/p>\n<p><strong>Medidas:<\/strong><br \/>\nL160xF90xA75 cm.<br \/>\nL180xF90xA75 cm.<\/p>\n<p><strong>Caracter\u00edsticas principales:<\/strong><\/p>\n<ul>\n<li>Mesa rectangular de comedor modelo Praga.<\/li>\n<li>Patas negras cruzadas.<\/li>\n<\/ul>\n<p><strong>Materiales:<\/strong><\/p>\n<ul>\n<li>Estructura: Madera y metal.<\/li>\n<li>Tapa con acabado roble.<\/li>\n<li>Patas met\u00e1licas cruzadas.<\/li>\n<li>Al realizar la compra indicar color<\/li>\n<\/ul>\n","protected":false},"excerpt":{"rendered":"<p>La mesa para comedor modelo Praga destaca por su dise\u00f1o rectangular y patas de metal cruzadas, que le aportan un<\/p>\n","protected":false},"featured_media":34993,"template":"","meta":[],"product_brand":[],"product_cat":[417],"product_tag":[],"class_list":{"0":"post-34992","1":"product","2":"type-product","3":"status-publish","4":"has-post-thumbnail","6":"product_cat-estanteria","8":"first","9":"instock","10":"sale","11":"shipping-taxable","12":"purchasable","13":"product-type-simple"},"aioseo_notices":[],"_links":{"self":[{"href":"https:\/\/modestihouse.com\/index.php\/wp-json\/wp\/v2\/product\/34992","targetHints":{"allow":["GET"]}}],"collection":[{"href":"https:\/\/modestihouse.com\/index.php\/wp-json\/wp\/v2\/product"}],"about":[{"href":"https:\/\/modestihouse.com\/index.php\/wp-json\/wp\/v2\/types\/product"}],"wp:featuredmedia":[{"embeddable":true,"href":"https:\/\/modestihouse.com\/index.php\/wp-json\/wp\/v2\/media\/34993"}],"wp:attachment":[{"href":"https:\/\/modestihouse.com\/index.php\/wp-json\/wp\/v2\/media?parent=34992"}],"wp:term":[{"taxonomy":"product_brand","embeddable":true,"href":"https:\/\/modestihouse.com\/index.php\/wp-json\/wp\/v2\/product_brand?post=34992"},{"taxonomy":"product_cat","embeddable":true,"href":"https:\/\/modestihouse.com\/index.php\/wp-json\/wp\/v2\/product_cat?post=34992"},{"taxonomy":"product_tag","embeddable":true,"href":"https:\/\/modestihouse.com\/index.php\/wp-json\/wp\/v2\/product_tag?post=34992"}],"curies":[{"name":"wp","href":"https:\/\/api.w.org\/{rel}","templated":true}]}}