{"id":35006,"date":"2025-07-09T11:58:18","date_gmt":"2025-07-09T09:58:18","guid":{"rendered":"https:\/\/modestihouse.com\/?post_type=product&#038;p=35006"},"modified":"2025-07-09T11:58:18","modified_gmt":"2025-07-09T09:58:18","slug":"litera-as-110","status":"publish","type":"product","link":"https:\/\/modestihouse.com\/index.php\/producto\/litera-as-110\/","title":{"rendered":"Litera AS 110"},"content":{"rendered":"<p>Litera met\u00e1lica de 90&#215;190 cm, con estructura de hierro, escalera y barandillas de protecci\u00f3n. Ideales para ni\u00f1os y para aprovechar al m\u00e1ximo tu espacio.<\/p>\n<p>Disponibles en colores Blanco y Gris<\/p>\n<p><strong>Medidas totales:<\/strong>\u00a0L90\u00a0x F190 x A165<\/p>\n","protected":false},"excerpt":{"rendered":"<p>Litera met\u00e1lica de 90&#215;190 cm, con estructura de hierro, escalera y barandillas de protecci\u00f3n. Ideales para ni\u00f1os y para aprovechar<\/p>\n","protected":false},"featured_media":35007,"template":"","meta":[],"product_brand":[],"product_cat":[388,115],"product_tag":[],"class_list":{"0":"post-35006","1":"product","2":"type-product","3":"status-publish","4":"has-post-thumbnail","6":"product_cat-litera","7":"product_cat-literas","9":"first","10":"instock","11":"sale","12":"shipping-taxable","13":"purchasable","14":"product-type-simple"},"aioseo_notices":[],"_links":{"self":[{"href":"https:\/\/modestihouse.com\/index.php\/wp-json\/wp\/v2\/product\/35006","targetHints":{"allow":["GET"]}}],"collection":[{"href":"https:\/\/modestihouse.com\/index.php\/wp-json\/wp\/v2\/product"}],"about":[{"href":"https:\/\/modestihouse.com\/index.php\/wp-json\/wp\/v2\/types\/product"}],"wp:featuredmedia":[{"embeddable":true,"href":"https:\/\/modestihouse.com\/index.php\/wp-json\/wp\/v2\/media\/35007"}],"wp:attachment":[{"href":"https:\/\/modestihouse.com\/index.php\/wp-json\/wp\/v2\/media?parent=35006"}],"wp:term":[{"taxonomy":"product_brand","embeddable":true,"href":"https:\/\/modestihouse.com\/index.php\/wp-json\/wp\/v2\/product_brand?post=35006"},{"taxonomy":"product_cat","embeddable":true,"href":"https:\/\/modestihouse.com\/index.php\/wp-json\/wp\/v2\/product_cat?post=35006"},{"taxonomy":"product_tag","embeddable":true,"href":"https:\/\/modestihouse.com\/index.php\/wp-json\/wp\/v2\/product_tag?post=35006"}],"curies":[{"name":"wp","href":"https:\/\/api.w.org\/{rel}","templated":true}]}}