{"id":35040,"date":"2025-07-09T13:02:18","date_gmt":"2025-07-09T11:02:18","guid":{"rendered":"https:\/\/modestihouse.com\/?post_type=product&#038;p=35040"},"modified":"2025-07-09T13:02:18","modified_gmt":"2025-07-09T11:02:18","slug":"mesa-de-comedor-extensible-oscar-160x90","status":"publish","type":"product","link":"https:\/\/modestihouse.com\/index.php\/producto\/mesa-de-comedor-extensible-oscar-160x90\/","title":{"rendered":"Mesa de Comedor Extensible Oscar 160&#215;90"},"content":{"rendered":"<p>La mesa de comedor extensible Oscar es ideal por su dise\u00f1o vers\u00e1til y funcional. Gracias a que es extensible desde 160 a 200 cm, es ideal para m\u00faltiples usos y espacios del hogar. Parte de la colecci\u00f3n Oscar, ofrece una superficie resistente gracias a su tablero aglomerado de 16 mm recubierto en melamina.<\/p>\n<p><strong>Medidas:<\/strong><br \/>\nLargo (L): 160\/200 cm.<br \/>\nFondo (F): 90 cm.<br \/>\nAlto (A): 77 cm.<\/p>\n<p><strong>Caracter\u00edsticas:<\/strong><\/p>\n<ul>\n<li>Mesa de comedor extensible.<\/li>\n<li>Superficie estable y resistente.<\/li>\n<li>Parte de la colecci\u00f3n de mesas Oscar.<\/li>\n<\/ul>\n<p><strong>Materiales:<\/strong><\/p>\n<ul>\n<li>Tablero aglomerado de part\u00edculas de 16 mm con recubrimiento de melamina.<\/li>\n<li>Color: Artisan y \u00e1rtico.<\/li>\n<\/ul>\n","protected":false},"excerpt":{"rendered":"<p>La mesa de comedor extensible Oscar es ideal por su dise\u00f1o vers\u00e1til y funcional. Gracias a que es extensible desde<\/p>\n","protected":false},"featured_media":35041,"template":"","meta":[],"product_brand":[],"product_cat":[220,221,410,80],"product_tag":[],"class_list":{"0":"post-35040","1":"product","2":"type-product","3":"status-publish","4":"has-post-thumbnail","6":"product_cat-mesa-comedor","7":"product_cat-mesa-extensible","8":"product_cat-mesa-rectangular","9":"product_cat-mesas","11":"first","12":"instock","13":"sale","14":"shipping-taxable","15":"purchasable","16":"product-type-simple"},"aioseo_notices":[],"_links":{"self":[{"href":"https:\/\/modestihouse.com\/index.php\/wp-json\/wp\/v2\/product\/35040","targetHints":{"allow":["GET"]}}],"collection":[{"href":"https:\/\/modestihouse.com\/index.php\/wp-json\/wp\/v2\/product"}],"about":[{"href":"https:\/\/modestihouse.com\/index.php\/wp-json\/wp\/v2\/types\/product"}],"wp:featuredmedia":[{"embeddable":true,"href":"https:\/\/modestihouse.com\/index.php\/wp-json\/wp\/v2\/media\/35041"}],"wp:attachment":[{"href":"https:\/\/modestihouse.com\/index.php\/wp-json\/wp\/v2\/media?parent=35040"}],"wp:term":[{"taxonomy":"product_brand","embeddable":true,"href":"https:\/\/modestihouse.com\/index.php\/wp-json\/wp\/v2\/product_brand?post=35040"},{"taxonomy":"product_cat","embeddable":true,"href":"https:\/\/modestihouse.com\/index.php\/wp-json\/wp\/v2\/product_cat?post=35040"},{"taxonomy":"product_tag","embeddable":true,"href":"https:\/\/modestihouse.com\/index.php\/wp-json\/wp\/v2\/product_tag?post=35040"}],"curies":[{"name":"wp","href":"https:\/\/api.w.org\/{rel}","templated":true}]}}