{"id":35061,"date":"2025-07-09T14:21:40","date_gmt":"2025-07-09T12:21:40","guid":{"rendered":"https:\/\/modestihouse.com\/?post_type=product&#038;p=35061"},"modified":"2025-07-09T17:05:35","modified_gmt":"2025-07-09T15:05:35","slug":"sofa-chaiselongue-hada-reversible","status":"publish","type":"product","link":"https:\/\/modestihouse.com\/index.php\/producto\/sofa-chaiselongue-hada-reversible\/","title":{"rendered":"Sofa Chaiselongue Hada Reversible"},"content":{"rendered":"<p>El Hada 206 es un sof\u00e1 con chaiselongue reversible capaz de adaptarse a tu comodidad. Cuenta con respaldos y asientos desenfundables y una capacidad de asientos de 2 plazas m\u00e1s chaiselongue.<\/p>\n<p>El sof\u00e1\u00a0Hada 206 con chaiselongue reversible te permite descansar con una comodidad personalizada. Su estructura de madera de pino forrada en napa y goma garantiza una estabilidad y durabilidad, mientras que sus asientos y respaldos acolchados con goma 25kg\/m3 y fibra 250gr. podr\u00e1s tener un apoyo y descanso \u00f3ptimo. Disponible en 4 colores diferentes a tu elecci\u00f3n, para ajustarse a tu sal\u00f3n.<\/p>\n<p><strong>Medidas<\/strong>: Ancho: 206cm x Fondo: 90\/145cm x Alto: 100cm<\/p>\n<p>Disponibles en colores Gris oscuro, Gris claro, Vison y Turquesa<\/p>\n","protected":false},"excerpt":{"rendered":"<p>El Hada 206 es un sof\u00e1 con chaiselongue reversible capaz de adaptarse a tu comodidad. Cuenta con respaldos y asientos<\/p>\n","protected":false},"featured_media":35062,"template":"","meta":[],"product_brand":[],"product_cat":[406,255],"product_tag":[],"class_list":{"0":"post-35061","1":"product","2":"type-product","3":"status-publish","4":"has-post-thumbnail","6":"product_cat-chaiselongue-reversible","7":"product_cat-chaiselongues","9":"first","10":"instock","11":"sale","12":"shipping-taxable","13":"purchasable","14":"product-type-simple"},"aioseo_notices":[],"_links":{"self":[{"href":"https:\/\/modestihouse.com\/index.php\/wp-json\/wp\/v2\/product\/35061","targetHints":{"allow":["GET"]}}],"collection":[{"href":"https:\/\/modestihouse.com\/index.php\/wp-json\/wp\/v2\/product"}],"about":[{"href":"https:\/\/modestihouse.com\/index.php\/wp-json\/wp\/v2\/types\/product"}],"wp:featuredmedia":[{"embeddable":true,"href":"https:\/\/modestihouse.com\/index.php\/wp-json\/wp\/v2\/media\/35062"}],"wp:attachment":[{"href":"https:\/\/modestihouse.com\/index.php\/wp-json\/wp\/v2\/media?parent=35061"}],"wp:term":[{"taxonomy":"product_brand","embeddable":true,"href":"https:\/\/modestihouse.com\/index.php\/wp-json\/wp\/v2\/product_brand?post=35061"},{"taxonomy":"product_cat","embeddable":true,"href":"https:\/\/modestihouse.com\/index.php\/wp-json\/wp\/v2\/product_cat?post=35061"},{"taxonomy":"product_tag","embeddable":true,"href":"https:\/\/modestihouse.com\/index.php\/wp-json\/wp\/v2\/product_tag?post=35061"}],"curies":[{"name":"wp","href":"https:\/\/api.w.org\/{rel}","templated":true}]}}