{"id":35080,"date":"2025-07-09T17:51:09","date_gmt":"2025-07-09T15:51:09","guid":{"rendered":"https:\/\/modestihouse.com\/?post_type=product&#038;p=35080"},"modified":"2025-07-09T17:51:09","modified_gmt":"2025-07-09T15:51:09","slug":"sofa-hada-3p-tap-tela-nido","status":"publish","type":"product","link":"https:\/\/modestihouse.com\/index.php\/producto\/sofa-hada-3p-tap-tela-nido\/","title":{"rendered":"Sofa Hada 3P Tap. Tela Nido"},"content":{"rendered":"<p>El sof\u00e1 Hada posee una capacidad de 3 plazas con el que podr\u00e1s disfrutar de una gran comodidad. Cuenta con asientos y respaldos desenfundables. Adem\u00e1s de una estructura de madera forrada en napa y goma.<\/p>\n<p>El sof\u00e1\u00a0Hada tiene una capacidad de 3 plazas con un dise\u00f1o contempor\u00e1neo capaz de adaptarse a tu sal\u00f3n. Incluye asientos y respaldos desenfundables que facilitan su mantenimiento. Tapizado en tela nido de varios colores, podr\u00e1s elegir el que mejor encaje en tu hogar. Adem\u00e1s de su estructura de madera y bastidor preparado con cincha el\u00e1stica que le dan un soporte de alta resistencia y calidad.<\/p>\n<p><strong>Medida<\/strong>: Largo: 181cm x Fondo: 96cm x Alto: 100cm<\/p>\n<p>Disponibles en colores Gris oscuro, Gris claro, Vison, Rojo, Turquesa y Beige<\/p>\n","protected":false},"excerpt":{"rendered":"<p>El sof\u00e1 Hada posee una capacidad de 3 plazas con el que podr\u00e1s disfrutar de una gran comodidad. Cuenta con<\/p>\n","protected":false},"featured_media":35082,"template":"","meta":[],"product_brand":[],"product_cat":[435,269],"product_tag":[],"class_list":{"0":"post-35080","1":"product","2":"type-product","3":"status-publish","4":"has-post-thumbnail","6":"product_cat-sofa","7":"product_cat-sofa-3p","9":"first","10":"instock","11":"sale","12":"shipping-taxable","13":"purchasable","14":"product-type-simple"},"aioseo_notices":[],"_links":{"self":[{"href":"https:\/\/modestihouse.com\/index.php\/wp-json\/wp\/v2\/product\/35080","targetHints":{"allow":["GET"]}}],"collection":[{"href":"https:\/\/modestihouse.com\/index.php\/wp-json\/wp\/v2\/product"}],"about":[{"href":"https:\/\/modestihouse.com\/index.php\/wp-json\/wp\/v2\/types\/product"}],"wp:featuredmedia":[{"embeddable":true,"href":"https:\/\/modestihouse.com\/index.php\/wp-json\/wp\/v2\/media\/35082"}],"wp:attachment":[{"href":"https:\/\/modestihouse.com\/index.php\/wp-json\/wp\/v2\/media?parent=35080"}],"wp:term":[{"taxonomy":"product_brand","embeddable":true,"href":"https:\/\/modestihouse.com\/index.php\/wp-json\/wp\/v2\/product_brand?post=35080"},{"taxonomy":"product_cat","embeddable":true,"href":"https:\/\/modestihouse.com\/index.php\/wp-json\/wp\/v2\/product_cat?post=35080"},{"taxonomy":"product_tag","embeddable":true,"href":"https:\/\/modestihouse.com\/index.php\/wp-json\/wp\/v2\/product_tag?post=35080"}],"curies":[{"name":"wp","href":"https:\/\/api.w.org\/{rel}","templated":true}]}}