{"id":35090,"date":"2025-07-09T18:00:16","date_gmt":"2025-07-09T16:00:16","guid":{"rendered":"https:\/\/modestihouse.com\/?post_type=product&#038;p=35090"},"modified":"2025-07-09T18:00:16","modified_gmt":"2025-07-09T16:00:16","slug":"sofa-miller-3p-chaise","status":"publish","type":"product","link":"https:\/\/modestihouse.com\/index.php\/producto\/sofa-miller-3p-chaise\/","title":{"rendered":"Sofa Miller 3P + Chaise"},"content":{"rendered":"<p>Este elegante sof\u00e1 cama combina durabilidad y confort, con un armaz\u00f3n de pino gallego, asientos de goma espuma D-28 kg, y respaldos y brazos de fibra 100%. Sus mecanismos reclinables y superdeslizantes, junto con las patas altas en color negro, ofrecen funcionalidad y estilo para cualquier hogar.<\/p>\n<p>Descubre el sof\u00e1 cama ideal para tu hogar, el Miller combina un dise\u00f1o elegante y contempor\u00e1neo con una funcionalidad excepcional. Fabricado con un armaz\u00f3n de pino gallego y costados de tablero de part\u00edculas, este sof\u00e1 garantiza una durabilidad y resistencia inigualables. Los asientos est\u00e1n confeccionados con goma espuma D-28 kg, recubiertos de fibra para proporcionar una comodidad superior. Adem\u00e1s, los respaldos y brazos est\u00e1n rellenos de fibra 100%, asegurando un soporte ergon\u00f3mico y confortable.<\/p>\n<p>El sof\u00e1 cuenta con mecanismos reclinables de carraca en los respaldos, permitiendo ajustar la inclinaci\u00f3n a tu gusto para un descanso personalizado. Su bastidor incluye mecanismos superdeslizantes de arrastre cama, que facilitan su conversi\u00f3n en una cama c\u00f3moda y pr\u00e1ctica con patas al suelo para una mayor estabilidad. Las patas altas en color negro no solo aportan un toque de sofisticaci\u00f3n, sino que tambi\u00e9n facilitan la limpieza y el mantenimiento del espacio. Perfecto para cualquier sala de estar, este sof\u00e1 cama es la combinaci\u00f3n perfecta de estilo, confort y funcionalidad.<\/p>\n<p><strong>CARACTER\u00cdSTICAS:<\/strong><\/p>\n<ul>\n<li>Armaz\u00f3n de pino gallego y costados de tablero de part\u00edculas.<\/li>\n<li>Asientos goma espuma D-28 kg recubiertos de fibra.<\/li>\n<li>Respaldos y brazos de fibra 100%.<\/li>\n<li>Mecanismos reclinables de carraca en respaldos.<\/li>\n<li>Bastidor con mecanismos superdeslizantes arrastre cama pata al suelo.<\/li>\n<li>Pata alta en color negro.<\/li>\n<\/ul>\n<p>&nbsp;<\/p>\n<p><strong>Medidas:\u00a0<\/strong>L295 x F145 x A105<\/p>\n<p>Disponibles en colores Antracita y Beige<\/p>\n<p>Izquierdo y Derecho el Chaiselongue<\/p>\n","protected":false},"excerpt":{"rendered":"<p>Este elegante sof\u00e1 cama combina durabilidad y confort, con un armaz\u00f3n de pino gallego, asientos de goma espuma D-28 kg,<\/p>\n","protected":false},"featured_media":35091,"template":"","meta":[],"product_brand":[],"product_cat":[435,495,314],"product_tag":[],"class_list":{"0":"post-35090","1":"product","2":"type-product","3":"status-publish","4":"has-post-thumbnail","6":"product_cat-sofa","7":"product_cat-sofa-chaise-asientos-extraibles","8":"product_cat-sofas-cama","10":"first","11":"instock","12":"sale","13":"shipping-taxable","14":"purchasable","15":"product-type-simple"},"aioseo_notices":[],"_links":{"self":[{"href":"https:\/\/modestihouse.com\/index.php\/wp-json\/wp\/v2\/product\/35090","targetHints":{"allow":["GET"]}}],"collection":[{"href":"https:\/\/modestihouse.com\/index.php\/wp-json\/wp\/v2\/product"}],"about":[{"href":"https:\/\/modestihouse.com\/index.php\/wp-json\/wp\/v2\/types\/product"}],"wp:featuredmedia":[{"embeddable":true,"href":"https:\/\/modestihouse.com\/index.php\/wp-json\/wp\/v2\/media\/35091"}],"wp:attachment":[{"href":"https:\/\/modestihouse.com\/index.php\/wp-json\/wp\/v2\/media?parent=35090"}],"wp:term":[{"taxonomy":"product_brand","embeddable":true,"href":"https:\/\/modestihouse.com\/index.php\/wp-json\/wp\/v2\/product_brand?post=35090"},{"taxonomy":"product_cat","embeddable":true,"href":"https:\/\/modestihouse.com\/index.php\/wp-json\/wp\/v2\/product_cat?post=35090"},{"taxonomy":"product_tag","embeddable":true,"href":"https:\/\/modestihouse.com\/index.php\/wp-json\/wp\/v2\/product_tag?post=35090"}],"curies":[{"name":"wp","href":"https:\/\/api.w.org\/{rel}","templated":true}]}}