{"id":35095,"date":"2025-07-09T18:07:26","date_gmt":"2025-07-09T16:07:26","guid":{"rendered":"https:\/\/modestihouse.com\/?post_type=product&#038;p=35095"},"modified":"2025-07-09T18:07:26","modified_gmt":"2025-07-09T16:07:26","slug":"sofa-murcia-3p-chaiselongue-tap-hada-marengo","status":"publish","type":"product","link":"https:\/\/modestihouse.com\/index.php\/producto\/sofa-murcia-3p-chaiselongue-tap-hada-marengo\/","title":{"rendered":"Sofa Murcia 3P + Chaiselongue Tap. Hada Marengo"},"content":{"rendered":"<p>Sof\u00e1 de dise\u00f1o contempor\u00e1neo modelo Murcia. Posee un chaiselongue con arc\u00f3n de almacenamiento. Asientos, respaldos y brazo acolchados. Tapizado en tela hada.<\/p>\n<p>El sof\u00e1 Murcia cuenta con un amplio arc\u00f3n en su chaiselongue. Sus acolchados respaldos, divididos en tres secciones, dan estabilidad y comodidad para el cuello y la espalda. El dise\u00f1o moderno se complementa con patas negras y un revestimiento en tela hada disponible en dos colores.<\/p>\n<p>NO ES REVERSIBLE<\/p>\n<p>DISPONIBLES DERECHO E IZQUIERDO<\/p>\n<p><strong>Medidas<\/strong>:<br \/>\nLargo: 260 cm.<br \/>\nFondo: 147 cm.<br \/>\nAlto: 100 cm.<\/p>\n<p><strong>Caracter\u00edsticas principales<\/strong>:<\/p>\n<ul>\n<li>Asientos y respaldos acolchados.<\/li>\n<li>Chaiselongue con arc\u00f3n de almacenamiento.<\/li>\n<li>Respaldo con dise\u00f1o ergon\u00f3mico.<\/li>\n<li>Tapizado en tela.<\/li>\n<li>Capacidad de asientos de 3 plazas.<\/li>\n<\/ul>\n<p><strong>Materiales<\/strong>:<\/p>\n<ul>\n<li>Estructura de madera de pino maciza combinada con tablero de part\u00edculas.<\/li>\n<li>Asientos, respaldos y brazo rellenos de espuma de alta densidad.<\/li>\n<li>Patas negras.<\/li>\n<li>Color de tela o revestimiento: Hada.<\/li>\n<\/ul>\n","protected":false},"excerpt":{"rendered":"<p>Sof\u00e1 de dise\u00f1o contempor\u00e1neo modelo Murcia. Posee un chaiselongue con arc\u00f3n de almacenamiento. Asientos, respaldos y brazo acolchados. Tapizado en<\/p>\n","protected":false},"featured_media":35096,"template":"","meta":[],"product_brand":[],"product_cat":[255,435,495],"product_tag":[],"class_list":{"0":"post-35095","1":"product","2":"type-product","3":"status-publish","4":"has-post-thumbnail","6":"product_cat-chaiselongues","7":"product_cat-sofa","8":"product_cat-sofa-chaise-asientos-extraibles","10":"first","11":"instock","12":"sale","13":"shipping-taxable","14":"purchasable","15":"product-type-simple"},"aioseo_notices":[],"_links":{"self":[{"href":"https:\/\/modestihouse.com\/index.php\/wp-json\/wp\/v2\/product\/35095","targetHints":{"allow":["GET"]}}],"collection":[{"href":"https:\/\/modestihouse.com\/index.php\/wp-json\/wp\/v2\/product"}],"about":[{"href":"https:\/\/modestihouse.com\/index.php\/wp-json\/wp\/v2\/types\/product"}],"wp:featuredmedia":[{"embeddable":true,"href":"https:\/\/modestihouse.com\/index.php\/wp-json\/wp\/v2\/media\/35096"}],"wp:attachment":[{"href":"https:\/\/modestihouse.com\/index.php\/wp-json\/wp\/v2\/media?parent=35095"}],"wp:term":[{"taxonomy":"product_brand","embeddable":true,"href":"https:\/\/modestihouse.com\/index.php\/wp-json\/wp\/v2\/product_brand?post=35095"},{"taxonomy":"product_cat","embeddable":true,"href":"https:\/\/modestihouse.com\/index.php\/wp-json\/wp\/v2\/product_cat?post=35095"},{"taxonomy":"product_tag","embeddable":true,"href":"https:\/\/modestihouse.com\/index.php\/wp-json\/wp\/v2\/product_tag?post=35095"}],"curies":[{"name":"wp","href":"https:\/\/api.w.org\/{rel}","templated":true}]}}