{"id":35110,"date":"2025-07-09T18:54:06","date_gmt":"2025-07-09T16:54:06","guid":{"rendered":"https:\/\/modestihouse.com\/?post_type=product&#038;p=35110"},"modified":"2025-07-09T18:54:06","modified_gmt":"2025-07-09T16:54:06","slug":"sofa-niza-3-plazas","status":"publish","type":"product","link":"https:\/\/modestihouse.com\/index.php\/producto\/sofa-niza-3-plazas\/","title":{"rendered":"Sofa Niza 3 Plazas"},"content":{"rendered":"<p>El sof\u00e1 Niza tiene una capacidad de 3 plazas, haciendo de este una pieza pr\u00e1ctica y vers\u00e1til. Posee asientos y respaldos desenfundables. Adem\u00e1s de una estructura de madera que lo vuelven resistente.<\/p>\n<p>El sof\u00e1 Niza te proporciona estabilidad y comodidad con una capacidad de 3 plazas. Incluye asientos y respaldos desenfundables, haciendo su mantenimiento m\u00e1s sencillo. Este modelo posee asientos con goma de 25 kg\/m3 y fibra de 250 gr. que te dar\u00e1n la comodidad y estabilidad que buscas. Adem\u00e1s, con su estructura de madera forrada en napa y goma, tendr\u00e1s una resistencia y durabilidad extra en tu modelo.<\/p>\n<p><strong>Medidas<\/strong>: Ancho: 184cm x Fondo: 84cm x Alto: 98cm<\/p>\n<p>Colores disponibles Gris oscuro, Gris claro, Vison, Turquesa y Beige<\/p>\n","protected":false},"excerpt":{"rendered":"<p>El sof\u00e1 Niza tiene una capacidad de 3 plazas, haciendo de este una pieza pr\u00e1ctica y vers\u00e1til. Posee asientos y<\/p>\n","protected":false},"featured_media":35101,"template":"","meta":[],"product_brand":[],"product_cat":[435,269],"product_tag":[],"class_list":{"0":"post-35110","1":"product","2":"type-product","3":"status-publish","4":"has-post-thumbnail","6":"product_cat-sofa","7":"product_cat-sofa-3p","9":"first","10":"instock","11":"sale","12":"shipping-taxable","13":"purchasable","14":"product-type-simple"},"aioseo_notices":[],"_links":{"self":[{"href":"https:\/\/modestihouse.com\/index.php\/wp-json\/wp\/v2\/product\/35110","targetHints":{"allow":["GET"]}}],"collection":[{"href":"https:\/\/modestihouse.com\/index.php\/wp-json\/wp\/v2\/product"}],"about":[{"href":"https:\/\/modestihouse.com\/index.php\/wp-json\/wp\/v2\/types\/product"}],"wp:featuredmedia":[{"embeddable":true,"href":"https:\/\/modestihouse.com\/index.php\/wp-json\/wp\/v2\/media\/35101"}],"wp:attachment":[{"href":"https:\/\/modestihouse.com\/index.php\/wp-json\/wp\/v2\/media?parent=35110"}],"wp:term":[{"taxonomy":"product_brand","embeddable":true,"href":"https:\/\/modestihouse.com\/index.php\/wp-json\/wp\/v2\/product_brand?post=35110"},{"taxonomy":"product_cat","embeddable":true,"href":"https:\/\/modestihouse.com\/index.php\/wp-json\/wp\/v2\/product_cat?post=35110"},{"taxonomy":"product_tag","embeddable":true,"href":"https:\/\/modestihouse.com\/index.php\/wp-json\/wp\/v2\/product_tag?post=35110"}],"curies":[{"name":"wp","href":"https:\/\/api.w.org\/{rel}","templated":true}]}}