{"id":35135,"date":"2025-07-10T17:08:10","date_gmt":"2025-07-10T15:08:10","guid":{"rendered":"https:\/\/modestihouse.com\/?post_type=product&#038;p=35135"},"modified":"2025-07-10T17:08:10","modified_gmt":"2025-07-10T15:08:10","slug":"silla-de-comedor-briana-t-pata-roble","status":"publish","type":"product","link":"https:\/\/modestihouse.com\/index.php\/producto\/silla-de-comedor-briana-t-pata-roble\/","title":{"rendered":"Silla de Comedor Briana T\/Pata Roble"},"content":{"rendered":"<p>Las sillas de comedor tapizadas son una de las piezas claves para una buena decoraci\u00f3n en el sal\u00f3n. Su estructura tapizada en tela antimanchas\u00a0nos ayuda a crear un dise\u00f1o personal y moderno dentro de nuestro comedor.<\/p>\n<p>Disponibles en colores Gris, Beige Claro, Ocre, y Turquesa<\/p>\n<p><strong>Caracter\u00edsticas:<\/strong><\/p>\n<ul>\n<li>Tapizada con tejido antimanchas de primera calidad.<\/li>\n<li>Patas met\u00e1licas en acabado madera.<\/li>\n<li>Pensada para ofrecer una comodidad y confort absoluto.<\/li>\n<li>Estilo moderno apto para gran variedad de ambientes.<\/li>\n<li>Propiedades:\u00a0<strong>4 unidades por caja.<\/strong><\/li>\n<\/ul>\n<p><strong>Instrucciones uso y mantenimiento:<\/strong><\/p>\n<ul>\n<li>No aproximar a fuentes directas de calor<\/li>\n<li>No exponer a luz solar directa<\/li>\n<li>Para una correcta conservaci\u00f3n y limpieza usar pa\u00f1o ligeramente h\u00famedo con jab\u00f3n neutro.<\/li>\n<li>No utilizar productos abrasivos como acetonas, lej\u00edas, disolventes, etc.<\/li>\n<\/ul>\n<p>&nbsp;<\/p>\n<p><strong>Medidas:<\/strong><\/p>\n<p>L49 x F56 x A96<\/p>\n","protected":false},"excerpt":{"rendered":"<p>Las sillas de comedor tapizadas son una de las piezas claves para una buena decoraci\u00f3n en el sal\u00f3n. Su estructura<\/p>\n","protected":false},"featured_media":35136,"template":"","meta":[],"product_brand":[],"product_cat":[424,353,476],"product_tag":[],"class_list":{"0":"post-35135","1":"product","2":"type-product","3":"status-publish","4":"has-post-thumbnail","6":"product_cat-silla-de-comedor","7":"product_cat-sillas","8":"product_cat-sillas-comedor","10":"first","11":"instock","12":"sale","13":"shipping-taxable","14":"purchasable","15":"product-type-simple"},"aioseo_notices":[],"_links":{"self":[{"href":"https:\/\/modestihouse.com\/index.php\/wp-json\/wp\/v2\/product\/35135","targetHints":{"allow":["GET"]}}],"collection":[{"href":"https:\/\/modestihouse.com\/index.php\/wp-json\/wp\/v2\/product"}],"about":[{"href":"https:\/\/modestihouse.com\/index.php\/wp-json\/wp\/v2\/types\/product"}],"wp:featuredmedia":[{"embeddable":true,"href":"https:\/\/modestihouse.com\/index.php\/wp-json\/wp\/v2\/media\/35136"}],"wp:attachment":[{"href":"https:\/\/modestihouse.com\/index.php\/wp-json\/wp\/v2\/media?parent=35135"}],"wp:term":[{"taxonomy":"product_brand","embeddable":true,"href":"https:\/\/modestihouse.com\/index.php\/wp-json\/wp\/v2\/product_brand?post=35135"},{"taxonomy":"product_cat","embeddable":true,"href":"https:\/\/modestihouse.com\/index.php\/wp-json\/wp\/v2\/product_cat?post=35135"},{"taxonomy":"product_tag","embeddable":true,"href":"https:\/\/modestihouse.com\/index.php\/wp-json\/wp\/v2\/product_tag?post=35135"}],"curies":[{"name":"wp","href":"https:\/\/api.w.org\/{rel}","templated":true}]}}