{"id":35178,"date":"2025-07-15T16:54:55","date_gmt":"2025-07-15T14:54:55","guid":{"rendered":"https:\/\/modestihouse.com\/?post_type=product&#038;p=35178"},"modified":"2025-07-15T16:54:55","modified_gmt":"2025-07-15T14:54:55","slug":"comoda-berna-4c-3c-blanco","status":"publish","type":"product","link":"https:\/\/modestihouse.com\/index.php\/producto\/comoda-berna-4c-3c-blanco\/","title":{"rendered":"Comoda Berna 4C 3C Blanco"},"content":{"rendered":"<p>Pr\u00e1ctica c\u00f3moda modelo BERNA con\u00a0tres\u00a0cajones en la parte superior\u00a0y\u00a0cuatro cajones a continuaci\u00f3n, de estilo contempor\u00e1neo con l\u00edneas depuradas, fabricada en madera de pino y disponible en color blanco.<\/p>\n<p>Disponibles en color Blanco<\/p>\n<p>Medidas:<\/p>\n<p>L110 X F40 X A80<\/p>\n","protected":false},"excerpt":{"rendered":"<p>Pr\u00e1ctica c\u00f3moda modelo BERNA con\u00a0tres\u00a0cajones en la parte superior\u00a0y\u00a0cuatro cajones a continuaci\u00f3n, de estilo contempor\u00e1neo con l\u00edneas depuradas, fabricada en<\/p>\n","protected":false},"featured_media":35179,"template":"","meta":[],"product_brand":[],"product_cat":[92],"product_tag":[],"class_list":{"0":"post-35178","1":"product","2":"type-product","3":"status-publish","4":"has-post-thumbnail","6":"product_cat-comodas","8":"first","9":"instock","10":"sale","11":"shipping-taxable","12":"purchasable","13":"product-type-simple"},"aioseo_notices":[],"_links":{"self":[{"href":"https:\/\/modestihouse.com\/index.php\/wp-json\/wp\/v2\/product\/35178","targetHints":{"allow":["GET"]}}],"collection":[{"href":"https:\/\/modestihouse.com\/index.php\/wp-json\/wp\/v2\/product"}],"about":[{"href":"https:\/\/modestihouse.com\/index.php\/wp-json\/wp\/v2\/types\/product"}],"wp:featuredmedia":[{"embeddable":true,"href":"https:\/\/modestihouse.com\/index.php\/wp-json\/wp\/v2\/media\/35179"}],"wp:attachment":[{"href":"https:\/\/modestihouse.com\/index.php\/wp-json\/wp\/v2\/media?parent=35178"}],"wp:term":[{"taxonomy":"product_brand","embeddable":true,"href":"https:\/\/modestihouse.com\/index.php\/wp-json\/wp\/v2\/product_brand?post=35178"},{"taxonomy":"product_cat","embeddable":true,"href":"https:\/\/modestihouse.com\/index.php\/wp-json\/wp\/v2\/product_cat?post=35178"},{"taxonomy":"product_tag","embeddable":true,"href":"https:\/\/modestihouse.com\/index.php\/wp-json\/wp\/v2\/product_tag?post=35178"}],"curies":[{"name":"wp","href":"https:\/\/api.w.org\/{rel}","templated":true}]}}