{"id":35204,"date":"2025-07-16T22:10:43","date_gmt":"2025-07-16T20:10:43","guid":{"rendered":"https:\/\/modestihouse.com\/?post_type=product&#038;p=35204"},"modified":"2025-07-16T22:10:43","modified_gmt":"2025-07-16T20:10:43","slug":"mesa-valence-alta-bar","status":"publish","type":"product","link":"https:\/\/modestihouse.com\/index.php\/producto\/mesa-valence-alta-bar\/","title":{"rendered":"Mesa Valence Alta Bar"},"content":{"rendered":"<p>Mesa bar modelo Valence ideal para tu comedor. Cuenta con espacio para almacenar decoraci\u00f3n o art\u00edculos necesarios, representado por 4 estantes laterales.<\/p>\n<p>Dise\u00f1ada para combinar estilo y funcionalidad, la mesa bar modelo Valence es ideal para complementar tu comedor o cocina. Cuenta con 4 estantes laterales que brindan un pr\u00e1ctico espacio de almacenamiento. Fabricada en tablero de part\u00edculas y recubierta con melamina, esta mesa te ofrece durabilidad y f\u00e1cil mantenimiento. Disponible en roble y blanco, para que elijas el mejor acabado para tu sal\u00f3n.<\/p>\n<p><strong>Medidas<\/strong>:<br \/>\nLargo (L): 120 cm.<br \/>\nFondo (F): 50 cm.<br \/>\nAlto (A): 105 cm.<\/p>\n<p><strong>Caracter\u00edsticas<\/strong>:<\/p>\n<p>Mesa de bar rectangular.<\/p>\n<p>4 estantes.<\/p>\n<p><strong>Materiales:<\/strong><\/p>\n<p>Tablero aglomerado de part\u00edculas de 16 mm.<\/p>\n<p>Recubrimiento de melamina.<\/p>\n<p>Color: Blanco y roble.<\/p>\n","protected":false},"excerpt":{"rendered":"<p>Mesa bar modelo Valence ideal para tu comedor. Cuenta con espacio para almacenar decoraci\u00f3n o art\u00edculos necesarios, representado por 4<\/p>\n","protected":false},"featured_media":35205,"template":"","meta":[],"product_brand":[],"product_cat":[411,80,120],"product_tag":[],"class_list":{"0":"post-35204","1":"product","2":"type-product","3":"status-publish","4":"has-post-thumbnail","6":"product_cat-mesa-bar","7":"product_cat-mesas","8":"product_cat-mesas-de-cocina","10":"first","11":"instock","12":"sale","13":"shipping-taxable","14":"purchasable","15":"product-type-simple"},"aioseo_notices":[],"_links":{"self":[{"href":"https:\/\/modestihouse.com\/index.php\/wp-json\/wp\/v2\/product\/35204","targetHints":{"allow":["GET"]}}],"collection":[{"href":"https:\/\/modestihouse.com\/index.php\/wp-json\/wp\/v2\/product"}],"about":[{"href":"https:\/\/modestihouse.com\/index.php\/wp-json\/wp\/v2\/types\/product"}],"wp:featuredmedia":[{"embeddable":true,"href":"https:\/\/modestihouse.com\/index.php\/wp-json\/wp\/v2\/media\/35205"}],"wp:attachment":[{"href":"https:\/\/modestihouse.com\/index.php\/wp-json\/wp\/v2\/media?parent=35204"}],"wp:term":[{"taxonomy":"product_brand","embeddable":true,"href":"https:\/\/modestihouse.com\/index.php\/wp-json\/wp\/v2\/product_brand?post=35204"},{"taxonomy":"product_cat","embeddable":true,"href":"https:\/\/modestihouse.com\/index.php\/wp-json\/wp\/v2\/product_cat?post=35204"},{"taxonomy":"product_tag","embeddable":true,"href":"https:\/\/modestihouse.com\/index.php\/wp-json\/wp\/v2\/product_tag?post=35204"}],"curies":[{"name":"wp","href":"https:\/\/api.w.org\/{rel}","templated":true}]}}