{"id":35226,"date":"2025-08-22T15:13:01","date_gmt":"2025-08-22T13:13:01","guid":{"rendered":"https:\/\/modestihouse.com\/?post_type=product&#038;p=35226"},"modified":"2025-08-22T15:13:01","modified_gmt":"2025-08-22T13:13:01","slug":"silla-giratoria-kler-tela-uf-890-p-negra","status":"publish","type":"product","link":"https:\/\/modestihouse.com\/index.php\/producto\/silla-giratoria-kler-tela-uf-890-p-negra\/","title":{"rendered":"Silla Giratoria Kler Tela UF 890 P\/Negra"},"content":{"rendered":"<p>La silla Kler destaca gracias a su funci\u00f3n giratoria, que proporciona una mayor flexibilidad de movimiento y dinamismo sin esfuerzo. Cuenta con un respaldo ergon\u00f3mico que aporta comodidad extra. Con resistentes patas met\u00e1licas de color negro. Tapizada en tela UF890, disponible en varios colores<\/p>\n<p>Gris oscuro, Beige y Verde<\/p>\n<p><strong>Medidas:<\/strong><br \/>\nLargo (L): 47 cm<br \/>\nFondo (F): 43 cm<br \/>\nAlto (A): 86 cm<\/p>\n<p><strong>Caracter\u00edsticas principales:<\/strong><\/p>\n<ul>\n<li>Silla comedor.<\/li>\n<li>Respaldo ergon\u00f3mico con dise\u00f1o capiton\u00e9.<\/li>\n<li>Funci\u00f3n giratoria.<\/li>\n<li>Patas de metal en color negro.<\/li>\n<\/ul>\n<p><strong>Materiales:<\/strong><\/p>\n<ul>\n<li>Patas: Metal.<\/li>\n<li>Color de tela o revestimiento: UF890.<\/li>\n<\/ul>\n","protected":false},"excerpt":{"rendered":"<p>La silla Kler destaca gracias a su funci\u00f3n giratoria, que proporciona una mayor flexibilidad de movimiento y dinamismo sin esfuerzo.<\/p>\n","protected":false},"featured_media":35227,"template":"","meta":[],"product_brand":[],"product_cat":[353,469],"product_tag":[],"class_list":{"0":"post-35226","1":"product","2":"type-product","3":"status-publish","4":"has-post-thumbnail","6":"product_cat-sillas","7":"product_cat-sillas-giratorias-auxiliares","9":"first","10":"instock","11":"sale","12":"shipping-taxable","13":"purchasable","14":"product-type-simple"},"aioseo_notices":[],"_links":{"self":[{"href":"https:\/\/modestihouse.com\/index.php\/wp-json\/wp\/v2\/product\/35226","targetHints":{"allow":["GET"]}}],"collection":[{"href":"https:\/\/modestihouse.com\/index.php\/wp-json\/wp\/v2\/product"}],"about":[{"href":"https:\/\/modestihouse.com\/index.php\/wp-json\/wp\/v2\/types\/product"}],"wp:featuredmedia":[{"embeddable":true,"href":"https:\/\/modestihouse.com\/index.php\/wp-json\/wp\/v2\/media\/35227"}],"wp:attachment":[{"href":"https:\/\/modestihouse.com\/index.php\/wp-json\/wp\/v2\/media?parent=35226"}],"wp:term":[{"taxonomy":"product_brand","embeddable":true,"href":"https:\/\/modestihouse.com\/index.php\/wp-json\/wp\/v2\/product_brand?post=35226"},{"taxonomy":"product_cat","embeddable":true,"href":"https:\/\/modestihouse.com\/index.php\/wp-json\/wp\/v2\/product_cat?post=35226"},{"taxonomy":"product_tag","embeddable":true,"href":"https:\/\/modestihouse.com\/index.php\/wp-json\/wp\/v2\/product_tag?post=35226"}],"curies":[{"name":"wp","href":"https:\/\/api.w.org\/{rel}","templated":true}]}}