{"id":35276,"date":"2025-08-22T20:31:16","date_gmt":"2025-08-22T18:31:16","guid":{"rendered":"https:\/\/modestihouse.com\/?post_type=product&#038;p=35276"},"modified":"2025-08-22T20:31:16","modified_gmt":"2025-08-22T18:31:16","slug":"silla-blair-p-cambrian-tela-uf-885","status":"publish","type":"product","link":"https:\/\/modestihouse.com\/index.php\/producto\/silla-blair-p-cambrian-tela-uf-885\/","title":{"rendered":"Silla Blair P\/Cambrian Tela UF 885"},"content":{"rendered":"<p>La silla Blair, con c\u00f3modo respaldo ergon\u00f3mico. Con patas met\u00e1licas en acabado cambrian. Tapizado en tela UF885 disponible en varios colores Beige tostado y Gris ocuro<\/p>\n<p><strong>Medidas:<br \/>\n<\/strong>Largo (L): 53 cm<br \/>\nFondo (F): 44 cm<br \/>\nAlto (A): 89 cm<\/p>\n<p><strong>Caracter\u00edsticas principales:<\/strong><\/p>\n<ul>\n<li>Silla comedor.<\/li>\n<li>Respaldo ergon\u00f3mico.<\/li>\n<li>Patas de metal en color cambrian.<\/li>\n<\/ul>\n<p><strong>Materiales:<\/strong><\/p>\n<ul>\n<li>Patas: Metal.<\/li>\n<li>Color de tela o revestimiento: UF885.<\/li>\n<\/ul>\n","protected":false},"excerpt":{"rendered":"<p>La silla Blair, con c\u00f3modo respaldo ergon\u00f3mico. Con patas met\u00e1licas en acabado cambrian. Tapizado en tela UF885 disponible en varios<\/p>\n","protected":false},"featured_media":35277,"template":"","meta":[],"product_brand":[],"product_cat":[353,476],"product_tag":[],"class_list":{"0":"post-35276","1":"product","2":"type-product","3":"status-publish","4":"has-post-thumbnail","6":"product_cat-sillas","7":"product_cat-sillas-comedor","9":"first","10":"instock","11":"sale","12":"shipping-taxable","13":"purchasable","14":"product-type-simple"},"aioseo_notices":[],"_links":{"self":[{"href":"https:\/\/modestihouse.com\/index.php\/wp-json\/wp\/v2\/product\/35276","targetHints":{"allow":["GET"]}}],"collection":[{"href":"https:\/\/modestihouse.com\/index.php\/wp-json\/wp\/v2\/product"}],"about":[{"href":"https:\/\/modestihouse.com\/index.php\/wp-json\/wp\/v2\/types\/product"}],"wp:featuredmedia":[{"embeddable":true,"href":"https:\/\/modestihouse.com\/index.php\/wp-json\/wp\/v2\/media\/35277"}],"wp:attachment":[{"href":"https:\/\/modestihouse.com\/index.php\/wp-json\/wp\/v2\/media?parent=35276"}],"wp:term":[{"taxonomy":"product_brand","embeddable":true,"href":"https:\/\/modestihouse.com\/index.php\/wp-json\/wp\/v2\/product_brand?post=35276"},{"taxonomy":"product_cat","embeddable":true,"href":"https:\/\/modestihouse.com\/index.php\/wp-json\/wp\/v2\/product_cat?post=35276"},{"taxonomy":"product_tag","embeddable":true,"href":"https:\/\/modestihouse.com\/index.php\/wp-json\/wp\/v2\/product_tag?post=35276"}],"curies":[{"name":"wp","href":"https:\/\/api.w.org\/{rel}","templated":true}]}}