{"id":35292,"date":"2025-09-24T16:39:52","date_gmt":"2025-09-24T14:39:52","guid":{"rendered":"https:\/\/modestihouse.com\/?post_type=product&#038;p=35292"},"modified":"2025-09-24T16:39:52","modified_gmt":"2025-09-24T14:39:52","slug":"composicion-de-salon-evora-c-artisan-ah-carbon-cf","status":"publish","type":"product","link":"https:\/\/modestihouse.com\/index.php\/producto\/composicion-de-salon-evora-c-artisan-ah-carbon-cf\/","title":{"rendered":"Composicion de Salon Evora C\/Artisan AH Carbon CF"},"content":{"rendered":"<p>Composici\u00f3n de sal\u00f3n modelo \u00c9vora que incluye: mueble tv, mueble alto con estantes y un estante superior que complementa la composici\u00f3n. Disponible en acabado artisan\/carb\u00f3n.<\/p>\n<p>La composici\u00f3n \u00c9vora ofrece un dise\u00f1o c\u00e1lido y moderno gracias a su acabado en artisan\/carb\u00f3n. Compuesto por un mueble bajo tv con puerta abatible, un mueble alto con estantes ideal para colocar objetos de decoraci\u00f3n y un estante superior de pared para complementar el conjunto. Con estructura de aglomerado revestido con melamina y bisagras de metal, convierten este conjunto en una opci\u00f3n resistente y de alta calidad.<\/p>\n<p><strong>Medidas:<\/strong><br \/>\nLargo (L): 206 cm.<br \/>\nFondo (F): 42 cm.<br \/>\nAlto (A): 173 cm.<\/p>\n<p><strong>Caracter\u00edsticas:<\/strong><\/p>\n<ul>\n<li>Composici\u00f3n de sal\u00f3n que incluye: mueble tv con puerta abatible, un mueble alto con estantes y un estante superior para complementar el conjunto.<\/li>\n<li>Gran capacidad de almacenaje.<\/li>\n<\/ul>\n<p><strong>Materiales:<\/strong><\/p>\n<ul>\n<li>Fabricado en tablero aglomerado de part\u00edculas con recubrimiento de melamina.<\/li>\n<li>Bisagras met\u00e1licas.<\/li>\n<li>Color: Artisan-carb\u00f3n.<\/li>\n<\/ul>\n","protected":false},"excerpt":{"rendered":"<p>Composici\u00f3n de sal\u00f3n modelo \u00c9vora que incluye: mueble tv, mueble alto con estantes y un estante superior que complementa la<\/p>\n","protected":false},"featured_media":35293,"template":"","meta":[],"product_brand":[],"product_cat":[438],"product_tag":[],"class_list":{"0":"post-35292","1":"product","2":"type-product","3":"status-publish","4":"has-post-thumbnail","6":"product_cat-composicion-de-salon","8":"first","9":"instock","10":"sale","11":"shipping-taxable","12":"purchasable","13":"product-type-simple"},"aioseo_notices":[],"_links":{"self":[{"href":"https:\/\/modestihouse.com\/index.php\/wp-json\/wp\/v2\/product\/35292","targetHints":{"allow":["GET"]}}],"collection":[{"href":"https:\/\/modestihouse.com\/index.php\/wp-json\/wp\/v2\/product"}],"about":[{"href":"https:\/\/modestihouse.com\/index.php\/wp-json\/wp\/v2\/types\/product"}],"wp:featuredmedia":[{"embeddable":true,"href":"https:\/\/modestihouse.com\/index.php\/wp-json\/wp\/v2\/media\/35293"}],"wp:attachment":[{"href":"https:\/\/modestihouse.com\/index.php\/wp-json\/wp\/v2\/media?parent=35292"}],"wp:term":[{"taxonomy":"product_brand","embeddable":true,"href":"https:\/\/modestihouse.com\/index.php\/wp-json\/wp\/v2\/product_brand?post=35292"},{"taxonomy":"product_cat","embeddable":true,"href":"https:\/\/modestihouse.com\/index.php\/wp-json\/wp\/v2\/product_cat?post=35292"},{"taxonomy":"product_tag","embeddable":true,"href":"https:\/\/modestihouse.com\/index.php\/wp-json\/wp\/v2\/product_tag?post=35292"}],"curies":[{"name":"wp","href":"https:\/\/api.w.org\/{rel}","templated":true}]}}